{"id":4293,"date":"2026-04-06T15:14:12","date_gmt":"2026-04-06T15:14:12","guid":{"rendered":"https:\/\/classic-icons.com\/?page_id=4293"},"modified":"2026-04-07T09:28:31","modified_gmt":"2026-04-07T09:28:31","slug":"heritage-icons","status":"publish","type":"page","link":"https:\/\/classic-icons.com\/de\/verkaufsfahrzeuge\/heritage-icons\/","title":{"rendered":"Heritage Icons"},"content":{"rendered":"<div  class=\"tatsu-SkQLAS-nWe tatsu-section    tatsu-clearfix\" data-title=\"\"  data-headerscheme=\"background--light\"><div class='tatsu-section-pad clearfix' data-padding='{\"d\":\"33px 0px 0px 0px\"}' data-padding-top='33px'><div class=\"tatsu-row-wrap  tatsu-wrap tatsu-row-one-col tatsu-row-has-one-cols tatsu-medium-gutter tatsu-reg-cols  tatsu-clearfix tatsu-H1gXL0r-3bg\" ><div  class=\"tatsu-row \" ><div  class=\"tatsu-column  tatsu-column-no-bg tatsu-one-col tatsu-column-image-none tatsu-column-effect-none  tatsu-HkbmL0BWnbe\"  data-parallax-speed=\"0\" style=\"\"><div class=\"tatsu-column-inner \" ><div class=\"tatsu-column-pad-wrap\"><div class=\"tatsu-column-pad\" ><div  class=\"tatsu-module tatsu-text-block-wrap tatsu-rkfmUCH-2bx  \"><div class=\"tatsu-text-inner tatsu-align-center  clearfix\" ><style>.tatsu-rkfmUCH-2bx.tatsu-text-block-wrap .tatsu-text-inner{width: 100%;text-align: left;}<\/style>\n<h1 style=\"text-align: center;\">Heritage Icons<\/h1>\n<\/div><\/div><div  class=\"special-subtitle-wrap  tatsu-HJ7780HZhbx  \"  ><div class=\"align-center\"><span class=\"special-subtitle\" >Automobile Klassiker mit Geschichte<\/span><\/div><style>.tatsu-HJ7780HZhbx .special-subtitle{font-size: 22px;color: rgba(24,43,24,1) ;width: 60%;}.tatsu-HJ7780HZhbx.special-subtitle-wrap{margin-bottom: 10px;}<\/style><\/div><\/div><\/div><div class = \"tatsu-column-bg-image-wrap\"><div class = \"tatsu-column-bg-image\" ><\/div><\/div><\/div><style>.tatsu-row > .tatsu-HkbmL0BWnbe.tatsu-column{width: 100%;}.tatsu-HkbmL0BWnbe.tatsu-column > .tatsu-column-inner > .tatsu-column-overlay{mix-blend-mode: none;}.tatsu-HkbmL0BWnbe > .tatsu-column-inner > .tatsu-top-divider{z-index: 9999;}.tatsu-HkbmL0BWnbe > .tatsu-column-inner > .tatsu-bottom-divider{z-index: 9999;}.tatsu-HkbmL0BWnbe > .tatsu-column-inner > .tatsu-left-divider{z-index: 9999;}.tatsu-HkbmL0BWnbe > .tatsu-column-inner > .tatsu-right-divider{z-index: 9999;}<\/style><\/div><\/div><\/div><\/div><div class=\"tatsu-section-background-wrap\"><div class = \"tatsu-section-background\" ><\/div><\/div><style>.tatsu-SkQLAS-nWe .tatsu-section-background{background-image: url(https:\/\/classic-icons.com\/wp-content\/uploads\/2018\/01\/imageedit_376_7795828301-1.jpg);background-repeat: no-repeat;background-attachment: scroll;background-position: top left;background-size: cover;}.tatsu-SkQLAS-nWe .tatsu-bg-blur{background-repeat: no-repeat;background-attachment: scroll;background-position: top left;background-size: cover;}.tatsu-SkQLAS-nWe .tatsu-section-pad{padding: 33px 0px 0px 0px;}.tatsu-SkQLAS-nWe > .tatsu-bottom-divider{z-index: 9999;}.tatsu-SkQLAS-nWe > .tatsu-top-divider{z-index: 9999;}<\/style><\/div><div  class=\"tatsu-HJEXLCS-2Wl tatsu-section    tatsu-clearfix\" data-title=\"\"  data-headerscheme=\"background--dark\"><div class='tatsu-section-pad clearfix' data-padding='{\"d\":\"69px 0px 60px 0px\",\"m\":\"60px 0px 60px 0px\",\"t\":\"64px 0px 60px 0px\"}' data-padding-top='60px'><div class=\"tatsu-row-wrap  tatsu-wrap tatsu-row-one-col tatsu-row-has-one-cols tatsu-medium-gutter tatsu-reg-cols  tatsu-clearfix tatsu-SJHmURSZhWl\" ><div  class=\"tatsu-row \" ><div  class=\"tatsu-column  tatsu-column-no-bg tatsu-one-col tatsu-column-image-none tatsu-column-effect-none  tatsu-ByI7LCHb2We\"  data-parallax-speed=\"0\" style=\"\"><div class=\"tatsu-column-inner \" ><div class=\"tatsu-column-pad-wrap\"><div class=\"tatsu-column-pad\" ><div  class = \"portfolio-all-wrap oshine-portfolio-module tatsu-B1wXUAHb2-l\"  > <div class=\"portfolio portfolio-delay-load full-screen  portfolio-lazy-load full-screen-gutter masonry_disable style2-gutter one-col \" data-animation = \"fadeIn\" data-action=\"get_ajax_full_screen_gutter_portfolio\" data-category=\"aston-martin\" data-aspect-ratio = \"1.6\" data-enable-masonry=\"0\" data-showposts=\"9\" data-paged=\"2\" data-col=\"one\" data-gallery=\"0\" data-filter=\"portfolio_categories\" data-meta_to_show=\"portfolio_categories\" data-show_filters=\"yes\" data-thumbnail-bg-color=\"\" data-thumbnail-bg-gradient=\"background:rgba(0,0,0,0)\" data-title-style=\"style6\" data-placeholder-color=\"rgba(233,233,233,1)\" data-cat-color=\"rgba(198,198,198,1)\" data-title-color=\"#222222\"  data-gutter-width=\"40\" data-img-grayscale=\"c_to_c\"\" data-gradient-style-color=\"background:rgba(0,0,0,0)\" data-cat-hide=\"1\" data-like-indicator=\"1\" style=\"margin-left: -40px;\"><div class=\"filters clearfix border align-center\" style=\"margin-left:40px;\"><div class=\"filter_item\"><span class=\"sort current_choice\" data-id=\"element\">All<\/span><\/div><div class=\"filter_item\"><span class=\"sort\" data-id=\"aston-martin\">Aston Martin<\/span><\/div><\/div><div class=\"portfolio-container clickable clearfix portfolio-shortcode  fadeIn \"><div class=\"element be-hoverlay not-wide no-wide-width-height  c_to_c style6-title\"style=\"margin-bottom: 40px;\" data-category-names = \"aston-martin \"><div class=\"element-inner\" style=\"margin-left: 40px;\"><a href=\"https:\/\/classic-icons.com\/de\/portfolio\/aston-martin-db-2-4\/\" class=\" thumb-wrap   \" data-gdpr-atts={} title=\"Aston Martin\" ><div class=\"flip-wrap\" ><div   style = \"padding-bottom : 62.5%;background-color:rgba(233,233,233,1);\" class=\"flip-img-wrap\"><img decoding=\"async\" src=\"https:\/\/classic-icons.com\/wp-content\/uploads\/2017\/06\/aston4.jpg.webp\" alt=\"\"\/><\/div><\/div><div class=\"thumb-overlay \"><div class=\"thumb-bg \" style=\"background:rgba(0,0,0,0)\"><div class=\"thumb-title-wrap \"><div class=\"thumb-title \" data-animation-type=\"none\"style=\"color:#222222;text-align: center;\">Aston Martin DB2\/4 Mark 1<\/div><\/div><\/div><\/div><\/a><\/div><\/div><\/div><\/div><\/div><\/div><\/div><div class = \"tatsu-column-bg-image-wrap\"><div class = \"tatsu-column-bg-image\" ><\/div><\/div><\/div><style>.tatsu-row > .tatsu-ByI7LCHb2We.tatsu-column{width: 100%;}.tatsu-ByI7LCHb2We.tatsu-column > .tatsu-column-inner > .tatsu-column-overlay{mix-blend-mode: none;}.tatsu-ByI7LCHb2We > .tatsu-column-inner > .tatsu-top-divider{z-index: 9999;}.tatsu-ByI7LCHb2We > .tatsu-column-inner > .tatsu-bottom-divider{z-index: 9999;}.tatsu-ByI7LCHb2We > .tatsu-column-inner > .tatsu-left-divider{z-index: 9999;}.tatsu-ByI7LCHb2We > .tatsu-column-inner > .tatsu-right-divider{z-index: 9999;}<\/style><\/div><\/div><\/div><\/div><div class=\"tatsu-section-background-wrap\"><div class = \"tatsu-section-background\" ><\/div><\/div><style>.tatsu-HJEXLCS-2Wl .tatsu-section-pad{padding: 69px 0px 60px 0px;}.tatsu-HJEXLCS-2Wl > .tatsu-bottom-divider{z-index: 9999;}.tatsu-HJEXLCS-2Wl > .tatsu-top-divider{z-index: 9999;}@media only screen and (min-width:768px) and (max-width: 1024px) {.tatsu-HJEXLCS-2Wl .tatsu-section-pad{padding: 64px 0px 60px 0px;}}@media only screen and (max-width: 767px) {.tatsu-HJEXLCS-2Wl .tatsu-section-pad{padding: 60px 0px 60px 0px;}}<\/style><\/div><div  class=\"tatsu-HyOmURrb3bl tatsu-section    tatsu-clearfix\" data-title=\"\"  data-headerscheme=\"background--dark\"><div class='tatsu-section-pad clearfix' data-padding='{\"d\":\"60px 0px 130px 0px\",\"m\":\"46px 0px 50px 0px\"}' data-padding-top='46px'><div class=\"tatsu-row-wrap  tatsu-wrap tatsu-row-one-col tatsu-row-has-one-cols tatsu-medium-gutter tatsu-reg-cols  tatsu-clearfix tatsu-B1t7LCBbhbl\" ><div  class=\"tatsu-row \" ><div  class=\"tatsu-column  tatsu-column-no-bg tatsu-one-col tatsu-column-image-none tatsu-column-effect-none  tatsu-rk9mU0Hb3-x\"  data-parallax-speed=\"0\" style=\"\"><div class=\"tatsu-column-inner \" ><div class=\"tatsu-column-pad-wrap\"><div class=\"tatsu-column-pad\" ><div  class=\"tatsu-module tatsu-text-block-wrap tatsu-B1iQ8RrWh-e  \"><div class=\"tatsu-text-inner tatsu-align-center  clearfix\" ><style>.tatsu-B1iQ8RrWh-e.tatsu-text-block-wrap .tatsu-text-inner{width: 100%;text-align: left;}<\/style>\n<h3 style=\"text-align: center;\">Automobile Geschichte, die bleibt\u00a0<\/h3>\n<\/div><\/div><div  class=\"tatsu-module tatsu-inline-text clearfix tatsu-B12XL0BW3Zl   \" ><style>.tatsu-B12XL0BW3Zl .tatsu-inline-text-inner{width: 67%;text-align: center;}.tatsu-B12XL0BW3Zl.tatsu-inline-text .tatsu-inline-text-inner *{font-size : 24px;line-height : 34px;}@media only screen and (max-width: 767px) {.tatsu-B12XL0BW3Zl .tatsu-inline-text-inner{width: 100%;}.tatsu-B12XL0BW3Zl.tatsu-inline-text{margin: 0px -15px 30px -15px;}.tatsu-B12XL0BW3Zl.tatsu-inline-text .tatsu-inline-text-inner *{text-transform : none;font-size : 23px;line-height : 35px;}}<\/style><div class=\"tatsu-inline-text-inner tatsu-align-center\">\n<h3 style=\"text-align: center;\">Britische und kontinentaleurop\u00e4ische Premium-Oldtimer-Ikonen mit historischer Tiefe, Eleganz und dokumentierter Substanz. Heritage Icons stehen f\u00fcr Fahrzeuge, die nicht nur alt, sondern kulturell und gestalterisch relevant sind \u2014 ausgew\u00e4hlt nach Provenienz, Charakter, handwerklicher Qualit\u00e4t und zeitloser Pr\u00e4senz.<\/h3>\n<\/div><\/div><\/div><\/div><div class = \"tatsu-column-bg-image-wrap\"><div class = \"tatsu-column-bg-image\" ><\/div><\/div><\/div><style>.tatsu-row > .tatsu-rk9mU0Hb3-x.tatsu-column{width: 100%;}.tatsu-rk9mU0Hb3-x.tatsu-column > .tatsu-column-inner > .tatsu-column-overlay{mix-blend-mode: none;}.tatsu-rk9mU0Hb3-x > .tatsu-column-inner > .tatsu-top-divider{z-index: 9999;}.tatsu-rk9mU0Hb3-x > .tatsu-column-inner > .tatsu-bottom-divider{z-index: 9999;}.tatsu-rk9mU0Hb3-x > .tatsu-column-inner > .tatsu-left-divider{z-index: 9999;}.tatsu-rk9mU0Hb3-x > .tatsu-column-inner > .tatsu-right-divider{z-index: 9999;}<\/style><\/div><\/div><\/div><\/div><div class=\"tatsu-section-background-wrap\"><div class = \"tatsu-section-background\" ><\/div><\/div><style>.tatsu-HyOmURrb3bl .tatsu-section-pad{padding: 60px 0px 130px 0px;}.tatsu-HyOmURrb3bl > .tatsu-bottom-divider{z-index: 9999;}.tatsu-HyOmURrb3bl > .tatsu-top-divider{z-index: 9999;}@media only screen and (max-width: 767px) {.tatsu-HyOmURrb3bl .tatsu-section-pad{padding: 46px 0px 50px 0px;}}<\/style><\/div>\n","protected":false},"excerpt":{"rendered":"<p><a href=\"https:\/\/classic-icons.com\/de\/portfolio\/aston-martin-db-2-4\/\" class=\"more-link style3-button\">Weiterlesen<\/a><\/p>","protected":false},"author":1,"featured_media":0,"parent":3500,"menu_order":0,"comment_status":"closed","ping_status":"closed","template":"","meta":{"footnotes":""},"class_list":["post-4293","page","type-page","status-publish","hentry"],"yoast_head":"<!-- This site is optimized with the Yoast SEO plugin v27.4 - https:\/\/yoast.com\/product\/yoast-seo-wordpress\/ -->\n<title>Heritage Icons - Classic Icons<\/title>\n<meta name=\"description\" content=\"Britische und kontinentaleurop\u00e4ische Premium-Oldtimer-Ikonen mit historischer Tiefe, Eleganz und dokumentierter Substanz. Heritage Icons stehen f\u00fcr Fahrzeuge, die nicht nur alt, sondern kulturell und gestalterisch relevant sind.\" \/>\n<meta name=\"robots\" content=\"index, follow, max-snippet:-1, max-image-preview:large, max-video-preview:-1\" \/>\n<link rel=\"canonical\" href=\"https:\/\/classic-icons.com\/de\/verkaufsfahrzeuge\/heritage-icons\/\" \/>\n<meta property=\"og:locale\" content=\"de_DE\" \/>\n<meta property=\"og:type\" content=\"article\" \/>\n<meta property=\"og:title\" content=\"Heritage Icons - Classic Icons\" \/>\n<meta property=\"og:description\" content=\"Britische und kontinentaleurop\u00e4ische Premium-Oldtimer-Ikonen mit historischer Tiefe, Eleganz und dokumentierter Substanz. Heritage Icons stehen f\u00fcr Fahrzeuge, die nicht nur alt, sondern kulturell und gestalterisch relevant sind.\" \/>\n<meta property=\"og:url\" content=\"https:\/\/classic-icons.com\/de\/verkaufsfahrzeuge\/heritage-icons\/\" \/>\n<meta property=\"og:site_name\" content=\"Classic Icons\" \/>\n<meta property=\"article:publisher\" content=\"https:\/\/www.facebook.com\/profile.php?id=61569623577398\" \/>\n<meta property=\"article:modified_time\" content=\"2026-04-07T09:28:31+00:00\" \/>\n<meta name=\"twitter:card\" content=\"summary_large_image\" \/>\n<script type=\"application\/ld+json\" class=\"yoast-schema-graph\">{\"@context\":\"https:\\\/\\\/schema.org\",\"@graph\":[{\"@type\":\"WebPage\",\"@id\":\"https:\\\/\\\/classic-icons.com\\\/de\\\/verkaufsfahrzeuge\\\/heritage-icons\\\/\",\"url\":\"https:\\\/\\\/classic-icons.com\\\/de\\\/verkaufsfahrzeuge\\\/heritage-icons\\\/\",\"name\":\"Heritage Icons - Classic Icons\",\"isPartOf\":{\"@id\":\"https:\\\/\\\/classic-icons.com\\\/#website\"},\"datePublished\":\"2026-04-06T15:14:12+00:00\",\"dateModified\":\"2026-04-07T09:28:31+00:00\",\"description\":\"Britische und kontinentaleurop\u00e4ische Premium-Oldtimer-Ikonen mit historischer Tiefe, Eleganz und dokumentierter Substanz. Heritage Icons stehen f\u00fcr Fahrzeuge, die nicht nur alt, sondern kulturell und gestalterisch relevant sind.\",\"breadcrumb\":{\"@id\":\"https:\\\/\\\/classic-icons.com\\\/de\\\/verkaufsfahrzeuge\\\/heritage-icons\\\/#breadcrumb\"},\"inLanguage\":\"de\",\"potentialAction\":[{\"@type\":\"ReadAction\",\"target\":[\"https:\\\/\\\/classic-icons.com\\\/de\\\/verkaufsfahrzeuge\\\/heritage-icons\\\/\"]}]},{\"@type\":\"BreadcrumbList\",\"@id\":\"https:\\\/\\\/classic-icons.com\\\/de\\\/verkaufsfahrzeuge\\\/heritage-icons\\\/#breadcrumb\",\"itemListElement\":[{\"@type\":\"ListItem\",\"position\":1,\"name\":\"Startseite\",\"item\":\"https:\\\/\\\/classic-icons.com\\\/de\\\/\"},{\"@type\":\"ListItem\",\"position\":2,\"name\":\"Verkaufsfahrzeuge\",\"item\":\"https:\\\/\\\/classic-icons.com\\\/de\\\/verkaufsfahrzeuge\\\/\"},{\"@type\":\"ListItem\",\"position\":3,\"name\":\"Heritage Icons\"}]},{\"@type\":\"WebSite\",\"@id\":\"https:\\\/\\\/classic-icons.com\\\/#website\",\"url\":\"https:\\\/\\\/classic-icons.com\\\/\",\"name\":\"Classic Icons\",\"description\":\"Oldtimer kaufen - Finden Sie Ihren Traumwagen\",\"publisher\":{\"@id\":\"https:\\\/\\\/classic-icons.com\\\/#organization\"},\"potentialAction\":[{\"@type\":\"SearchAction\",\"target\":{\"@type\":\"EntryPoint\",\"urlTemplate\":\"https:\\\/\\\/classic-icons.com\\\/?s={search_term_string}\"},\"query-input\":{\"@type\":\"PropertyValueSpecification\",\"valueRequired\":true,\"valueName\":\"search_term_string\"}}],\"inLanguage\":\"de\"},{\"@type\":\"Organization\",\"@id\":\"https:\\\/\\\/classic-icons.com\\\/#organization\",\"name\":\"Classic Icons GmbH\",\"url\":\"https:\\\/\\\/classic-icons.com\\\/\",\"logo\":{\"@type\":\"ImageObject\",\"inLanguage\":\"de\",\"@id\":\"https:\\\/\\\/classic-icons.com\\\/#\\\/schema\\\/logo\\\/image\\\/\",\"url\":\"https:\\\/\\\/classic-icons.com\\\/wp-content\\\/uploads\\\/2024\\\/12\\\/cropped-Bildschirmfoto-2024-12-17-um-23.24.42.png\",\"contentUrl\":\"https:\\\/\\\/classic-icons.com\\\/wp-content\\\/uploads\\\/2024\\\/12\\\/cropped-Bildschirmfoto-2024-12-17-um-23.24.42.png\",\"width\":512,\"height\":512,\"caption\":\"Classic Icons GmbH\"},\"image\":{\"@id\":\"https:\\\/\\\/classic-icons.com\\\/#\\\/schema\\\/logo\\\/image\\\/\"},\"sameAs\":[\"https:\\\/\\\/www.facebook.com\\\/profile.php?id=61569623577398\",\"https:\\\/\\\/www.instagram.com\\\/classicicons_salzburg\\\/\",\"https:\\\/\\\/de.pinterest.com\\\/005hwp3jl82qm1oy5x7ssnmaojr89w\\\/\"]}]}<\/script>\n<!-- \/ Yoast SEO plugin. -->","yoast_head_json":{"title":"Heritage Icons - Classic Icons","description":"Britische und kontinentaleurop\u00e4ische Premium-Oldtimer-Ikonen mit historischer Tiefe, Eleganz und dokumentierter Substanz. Heritage Icons stehen f\u00fcr Fahrzeuge, die nicht nur alt, sondern kulturell und gestalterisch relevant sind.","robots":{"index":"index","follow":"follow","max-snippet":"max-snippet:-1","max-image-preview":"max-image-preview:large","max-video-preview":"max-video-preview:-1"},"canonical":"https:\/\/classic-icons.com\/de\/verkaufsfahrzeuge\/heritage-icons\/","og_locale":"de_DE","og_type":"article","og_title":"Heritage Icons - Classic Icons","og_description":"Britische und kontinentaleurop\u00e4ische Premium-Oldtimer-Ikonen mit historischer Tiefe, Eleganz und dokumentierter Substanz. Heritage Icons stehen f\u00fcr Fahrzeuge, die nicht nur alt, sondern kulturell und gestalterisch relevant sind.","og_url":"https:\/\/classic-icons.com\/de\/verkaufsfahrzeuge\/heritage-icons\/","og_site_name":"Classic Icons","article_publisher":"https:\/\/www.facebook.com\/profile.php?id=61569623577398","article_modified_time":"2026-04-07T09:28:31+00:00","twitter_card":"summary_large_image","schema":{"@context":"https:\/\/schema.org","@graph":[{"@type":"WebPage","@id":"https:\/\/classic-icons.com\/de\/verkaufsfahrzeuge\/heritage-icons\/","url":"https:\/\/classic-icons.com\/de\/verkaufsfahrzeuge\/heritage-icons\/","name":"Heritage Icons - Classic Icons","isPartOf":{"@id":"https:\/\/classic-icons.com\/#website"},"datePublished":"2026-04-06T15:14:12+00:00","dateModified":"2026-04-07T09:28:31+00:00","description":"Britische und kontinentaleurop\u00e4ische Premium-Oldtimer-Ikonen mit historischer Tiefe, Eleganz und dokumentierter Substanz. Heritage Icons stehen f\u00fcr Fahrzeuge, die nicht nur alt, sondern kulturell und gestalterisch relevant sind.","breadcrumb":{"@id":"https:\/\/classic-icons.com\/de\/verkaufsfahrzeuge\/heritage-icons\/#breadcrumb"},"inLanguage":"de","potentialAction":[{"@type":"ReadAction","target":["https:\/\/classic-icons.com\/de\/verkaufsfahrzeuge\/heritage-icons\/"]}]},{"@type":"BreadcrumbList","@id":"https:\/\/classic-icons.com\/de\/verkaufsfahrzeuge\/heritage-icons\/#breadcrumb","itemListElement":[{"@type":"ListItem","position":1,"name":"Startseite","item":"https:\/\/classic-icons.com\/de\/"},{"@type":"ListItem","position":2,"name":"Verkaufsfahrzeuge","item":"https:\/\/classic-icons.com\/de\/verkaufsfahrzeuge\/"},{"@type":"ListItem","position":3,"name":"Heritage Icons"}]},{"@type":"WebSite","@id":"https:\/\/classic-icons.com\/#website","url":"https:\/\/classic-icons.com\/","name":"Classic Icons","description":"Oldtimer kaufen - Finden Sie Ihren Traumwagen","publisher":{"@id":"https:\/\/classic-icons.com\/#organization"},"potentialAction":[{"@type":"SearchAction","target":{"@type":"EntryPoint","urlTemplate":"https:\/\/classic-icons.com\/?s={search_term_string}"},"query-input":{"@type":"PropertyValueSpecification","valueRequired":true,"valueName":"search_term_string"}}],"inLanguage":"de"},{"@type":"Organization","@id":"https:\/\/classic-icons.com\/#organization","name":"Classic Icons GmbH","url":"https:\/\/classic-icons.com\/","logo":{"@type":"ImageObject","inLanguage":"de","@id":"https:\/\/classic-icons.com\/#\/schema\/logo\/image\/","url":"https:\/\/classic-icons.com\/wp-content\/uploads\/2024\/12\/cropped-Bildschirmfoto-2024-12-17-um-23.24.42.png","contentUrl":"https:\/\/classic-icons.com\/wp-content\/uploads\/2024\/12\/cropped-Bildschirmfoto-2024-12-17-um-23.24.42.png","width":512,"height":512,"caption":"Classic Icons GmbH"},"image":{"@id":"https:\/\/classic-icons.com\/#\/schema\/logo\/image\/"},"sameAs":["https:\/\/www.facebook.com\/profile.php?id=61569623577398","https:\/\/www.instagram.com\/classicicons_salzburg\/","https:\/\/de.pinterest.com\/005hwp3jl82qm1oy5x7ssnmaojr89w\/"]}]}},"_links":{"self":[{"href":"https:\/\/classic-icons.com\/de\/wp-json\/wp\/v2\/pages\/4293","targetHints":{"allow":["GET"]}}],"collection":[{"href":"https:\/\/classic-icons.com\/de\/wp-json\/wp\/v2\/pages"}],"about":[{"href":"https:\/\/classic-icons.com\/de\/wp-json\/wp\/v2\/types\/page"}],"author":[{"embeddable":true,"href":"https:\/\/classic-icons.com\/de\/wp-json\/wp\/v2\/users\/1"}],"replies":[{"embeddable":true,"href":"https:\/\/classic-icons.com\/de\/wp-json\/wp\/v2\/comments?post=4293"}],"version-history":[{"count":4,"href":"https:\/\/classic-icons.com\/de\/wp-json\/wp\/v2\/pages\/4293\/revisions"}],"predecessor-version":[{"id":4345,"href":"https:\/\/classic-icons.com\/de\/wp-json\/wp\/v2\/pages\/4293\/revisions\/4345"}],"up":[{"embeddable":true,"href":"https:\/\/classic-icons.com\/de\/wp-json\/wp\/v2\/pages\/3500"}],"wp:attachment":[{"href":"https:\/\/classic-icons.com\/de\/wp-json\/wp\/v2\/media?parent=4293"}],"curies":[{"name":"wp","href":"https:\/\/api.w.org\/{rel}","templated":true}]}}