{"id":4296,"date":"2026-04-06T15:22:53","date_gmt":"2026-04-06T15:22:53","guid":{"rendered":"https:\/\/classic-icons.com\/?page_id=4296"},"modified":"2026-04-07T08:37:22","modified_gmt":"2026-04-07T08:37:22","slug":"modern-icons","status":"publish","type":"page","link":"https:\/\/classic-icons.com\/de\/verkaufsfahrzeuge\/modern-icons\/","title":{"rendered":"Modern Icons"},"content":{"rendered":"<div  class=\"tatsu-ryAggLbnWe tatsu-section    tatsu-clearfix\" data-title=\"\"  data-headerscheme=\"background--light\"><div class='tatsu-section-pad clearfix' data-padding='{\"d\":\"33px 0px 0px 0px\"}' data-padding-top='33px'><div class=\"tatsu-row-wrap  tatsu-wrap tatsu-row-one-col tatsu-row-has-one-cols tatsu-medium-gutter tatsu-reg-cols  tatsu-clearfix tatsu-Sye0lxLb2We\" ><div  class=\"tatsu-row \" ><div  class=\"tatsu-column  tatsu-column-no-bg tatsu-one-col tatsu-column-image-none tatsu-column-effect-none  tatsu-Sk-Rlg8Z3be\"  data-parallax-speed=\"0\" style=\"\"><div class=\"tatsu-column-inner \" ><div class=\"tatsu-column-pad-wrap\"><div class=\"tatsu-column-pad\" ><div  class=\"tatsu-module tatsu-text-block-wrap tatsu-ryfRelUZ2Wg  \"><div class=\"tatsu-text-inner tatsu-align-center  clearfix\" ><style>.tatsu-ryfRelUZ2Wg.tatsu-text-block-wrap .tatsu-text-inner{width: 100%;text-align: left;}<\/style>\n<h1 style=\"text-align: center;\">Modern Icons<\/h1>\n<\/div><\/div><div  class=\"special-subtitle-wrap  tatsu-SJQRleLW2be  \"  ><div class=\"align-center\"><span class=\"special-subtitle\" >Performance-Fahrzeuge mit Zukunftspotenzial<\/span><\/div><style>.tatsu-SJQRleLW2be .special-subtitle{font-size: 22px;color: rgba(24,43,24,1) ;width: 60%;}.tatsu-SJQRleLW2be.special-subtitle-wrap{margin-bottom: 10px;}<\/style><\/div><\/div><\/div><div class = \"tatsu-column-bg-image-wrap\"><div class = \"tatsu-column-bg-image\" ><\/div><\/div><\/div><style>.tatsu-row > .tatsu-Sk-Rlg8Z3be.tatsu-column{width: 100%;}.tatsu-Sk-Rlg8Z3be.tatsu-column > .tatsu-column-inner > .tatsu-column-overlay{mix-blend-mode: none;}.tatsu-Sk-Rlg8Z3be > .tatsu-column-inner > .tatsu-top-divider{z-index: 9999;}.tatsu-Sk-Rlg8Z3be > .tatsu-column-inner > .tatsu-bottom-divider{z-index: 9999;}.tatsu-Sk-Rlg8Z3be > .tatsu-column-inner > .tatsu-left-divider{z-index: 9999;}.tatsu-Sk-Rlg8Z3be > .tatsu-column-inner > .tatsu-right-divider{z-index: 9999;}<\/style><\/div><\/div><\/div><\/div><div class=\"tatsu-section-background-wrap\"><div class = \"tatsu-section-background\" ><\/div><\/div><style>.tatsu-ryAggLbnWe .tatsu-section-background{background-image: url(https:\/\/classic-icons.com\/wp-content\/uploads\/2018\/01\/imageedit_376_7795828301-1.jpg);background-repeat: no-repeat;background-attachment: scroll;background-position: top left;background-size: cover;}.tatsu-ryAggLbnWe .tatsu-bg-blur{background-repeat: no-repeat;background-attachment: scroll;background-position: top left;background-size: cover;}.tatsu-ryAggLbnWe .tatsu-section-pad{padding: 33px 0px 0px 0px;}.tatsu-ryAggLbnWe > .tatsu-bottom-divider{z-index: 9999;}.tatsu-ryAggLbnWe > .tatsu-top-divider{z-index: 9999;}<\/style><\/div><div  class=\"tatsu-HkEAgg8ZnZe tatsu-section    tatsu-clearfix\" data-title=\"\"  data-headerscheme=\"background--dark\"><div class='tatsu-section-pad clearfix' data-padding='{\"d\":\"69px 0px 60px 0px\",\"m\":\"60px 0px 60px 0px\",\"t\":\"64px 0px 60px 0px\"}' data-padding-top='60px'><div class=\"tatsu-row-wrap  tatsu-wrap tatsu-row-one-col tatsu-row-has-one-cols tatsu-medium-gutter tatsu-reg-cols  tatsu-clearfix tatsu-SkBAgl8-3Zx\" ><div  class=\"tatsu-row \" ><div  class=\"tatsu-column  tatsu-column-no-bg tatsu-one-col tatsu-column-image-none tatsu-column-effect-none  tatsu-H1U0lx8Zh-x\"  data-parallax-speed=\"0\" style=\"\"><div class=\"tatsu-column-inner \" ><div class=\"tatsu-column-pad-wrap\"><div class=\"tatsu-column-pad\" ><div  class = \"portfolio-all-wrap oshine-portfolio-module tatsu-ByP0eeL-hWg\"  > <div class=\"portfolio portfolio-delay-load full-screen  portfolio-lazy-load full-screen-gutter masonry_disable style2-gutter one-col \" data-animation = \"fadeIn\" data-action=\"get_ajax_full_screen_gutter_portfolio\" data-category=\"ferrari,mercedes,porsche\" data-aspect-ratio = \"1.6\" data-enable-masonry=\"0\" data-showposts=\"9\" data-paged=\"2\" data-col=\"one\" data-gallery=\"0\" data-filter=\"portfolio_categories\" data-meta_to_show=\"portfolio_categories\" data-show_filters=\"yes\" data-thumbnail-bg-color=\"\" data-thumbnail-bg-gradient=\"background:rgba(0,0,0,0)\" data-title-style=\"style6\" data-placeholder-color=\"rgba(233,233,233,1)\" data-cat-color=\"rgba(198,198,198,1)\" data-title-color=\"#222222\"  data-gutter-width=\"40\" data-img-grayscale=\"c_to_c\"\" data-gradient-style-color=\"background:rgba(0,0,0,0)\" data-cat-hide=\"1\" data-like-indicator=\"1\" style=\"margin-left: -40px;\"><div class=\"filters clearfix border align-center\" style=\"margin-left:40px;\"><div class=\"filter_item\"><span class=\"sort current_choice\" data-id=\"element\">All<\/span><\/div><div class=\"filter_item\"><span class=\"sort\" data-id=\"ferrari\">Ferrari<\/span><\/div><div class=\"filter_item\"><span class=\"sort\" data-id=\"mercedes\">Mercedes<\/span><\/div><div class=\"filter_item\"><span class=\"sort\" data-id=\"porsche\">Porsche<\/span><\/div><\/div><div class=\"portfolio-container clickable clearfix portfolio-shortcode  fadeIn \"><div class=\"element be-hoverlay not-wide no-wide-width-height  c_to_c style6-title\"style=\"margin-bottom: 40px;\" data-category-names = \"mercedes \"><div class=\"element-inner\" style=\"margin-left: 40px;\"><a href=\"https:\/\/classic-icons.com\/de\/portfolio\/mercedes-280sl-pagode\/\" class=\" thumb-wrap   \" data-gdpr-atts={} title=\"Mercedes 280SL_1\" ><div class=\"flip-wrap\" ><div   style = \"padding-bottom : 62.5%;background-color:rgba(233,233,233,1);\" class=\"flip-img-wrap\"><img decoding=\"async\" src=\"https:\/\/classic-icons.com\/wp-content\/uploads\/2025\/10\/Mercedes-280SL_1-scaled.jpeg\" alt=\"Mercedes 280SL\"\/><\/div><\/div><div class=\"thumb-overlay \"><div class=\"thumb-bg \" style=\"background:rgba(0,0,0,0)\"><div class=\"thumb-title-wrap \"><div class=\"thumb-title \" data-animation-type=\"none\"style=\"color:#222222;text-align: center;\">Mercedes 280 SL<\/div><\/div><\/div><\/div><\/a><\/div><\/div><div class=\"element be-hoverlay not-wide no-wide-width-height  c_to_c style6-title\"style=\"margin-bottom: 40px;\" data-category-names = \"porsche \"><div class=\"element-inner\" style=\"margin-left: 40px;\"><a href=\"https:\/\/classic-icons.com\/de\/portfolio\/porsche-911-carrera-2\/\" class=\" thumb-wrap   \" data-gdpr-atts={} title=\"image00149\" ><div class=\"flip-wrap\" ><div   style = \"padding-bottom : 62.5%;background-color:rgba(233,233,233,1);\" class=\"flip-img-wrap\"><img decoding=\"async\" src=\"https:\/\/classic-icons.com\/wp-content\/uploads\/2025\/07\/image00149-scaled.jpeg\" alt=\"\"\/><\/div><\/div><div class=\"thumb-overlay \"><div class=\"thumb-bg \" style=\"background:rgba(0,0,0,0)\"><div class=\"thumb-title-wrap \"><div class=\"thumb-title \" data-animation-type=\"none\"style=\"color:#222222;text-align: center;\">Porsche 911 Carrera 2<\/div><\/div><\/div><\/div><\/a><\/div><\/div><div class=\"element be-hoverlay not-wide no-wide-width-height  c_to_c style6-title\"style=\"margin-bottom: 40px;\" data-category-names = \"porsche \"><div class=\"element-inner\" style=\"margin-left: 40px;\"><a href=\"https:\/\/classic-icons.com\/de\/portfolio\/porsche-911-rsr-3-0\/\" class=\" thumb-wrap   \" data-gdpr-atts={} title=\"image00108\" ><div class=\"flip-wrap\" ><div   style = \"padding-bottom : 62.5%;background-color:rgba(233,233,233,1);\" class=\"flip-img-wrap\"><img decoding=\"async\" src=\"https:\/\/classic-icons.com\/wp-content\/uploads\/2025\/10\/image00108-scaled.jpeg\" alt=\"\"\/><\/div><\/div><div class=\"thumb-overlay \"><div class=\"thumb-bg \" style=\"background:rgba(0,0,0,0)\"><div class=\"thumb-title-wrap \"><div class=\"thumb-title \" data-animation-type=\"none\"style=\"color:#222222;text-align: center;\">Porsche 911 RSR 3.0<\/div><\/div><\/div><\/div><\/a><\/div><\/div><div class=\"element be-hoverlay not-wide no-wide-width-height  c_to_c style6-title\"style=\"margin-bottom: 40px;\" data-category-names = \"porsche \"><div class=\"element-inner\" style=\"margin-left: 40px;\"><a href=\"https:\/\/classic-icons.com\/de\/portfolio\/porsche-911-gt3\/\" class=\" thumb-wrap   \" data-gdpr-atts={} title=\"cars\" ><div class=\"flip-wrap\" ><div   style = \"padding-bottom : 62.5%;background-color:rgba(233,233,233,1);\" class=\"flip-img-wrap\"><img decoding=\"async\" src=\"https:\/\/classic-icons.com\/wp-content\/uploads\/2025\/12\/cars.jpg\" alt=\"\"\/><\/div><\/div><div class=\"thumb-overlay \"><div class=\"thumb-bg \" style=\"background:rgba(0,0,0,0)\"><div class=\"thumb-title-wrap \"><div class=\"thumb-title \" data-animation-type=\"none\"style=\"color:#222222;text-align: center;\">Porsche 911 GT3<\/div><\/div><\/div><\/div><\/a><\/div><\/div><div class=\"element be-hoverlay not-wide no-wide-width-height  c_to_c style6-title\"style=\"margin-bottom: 40px;\" data-category-names = \"ferrari \"><div class=\"element-inner\" style=\"margin-left: 40px;\"><a href=\"https:\/\/classic-icons.com\/de\/portfolio\/ferrari-f430-spider\/\" class=\" thumb-wrap   \" data-gdpr-atts={} title=\"Ferrari\" ><div class=\"flip-wrap\" ><div   style = \"padding-bottom : 62.5%;background-color:rgba(233,233,233,1);\" class=\"flip-img-wrap\"><img decoding=\"async\" src=\"https:\/\/classic-icons.com\/wp-content\/uploads\/2025\/10\/cars-4.png\" alt=\"Ferrari\"\/><\/div><\/div><div class=\"thumb-overlay \"><div class=\"thumb-bg \" style=\"background:rgba(0,0,0,0)\"><div class=\"thumb-title-wrap \"><div class=\"thumb-title \" data-animation-type=\"none\"style=\"color:#222222;text-align: center;\">Ferrari F430 Spider<\/div><\/div><\/div><\/div><\/a><\/div><\/div><\/div><\/div><\/div><\/div><\/div><div class = \"tatsu-column-bg-image-wrap\"><div class = \"tatsu-column-bg-image\" ><\/div><\/div><\/div><style>.tatsu-row > .tatsu-H1U0lx8Zh-x.tatsu-column{width: 100%;}.tatsu-H1U0lx8Zh-x.tatsu-column > .tatsu-column-inner > .tatsu-column-overlay{mix-blend-mode: none;}.tatsu-H1U0lx8Zh-x > .tatsu-column-inner > .tatsu-top-divider{z-index: 9999;}.tatsu-H1U0lx8Zh-x > .tatsu-column-inner > .tatsu-bottom-divider{z-index: 9999;}.tatsu-H1U0lx8Zh-x > .tatsu-column-inner > .tatsu-left-divider{z-index: 9999;}.tatsu-H1U0lx8Zh-x > .tatsu-column-inner > .tatsu-right-divider{z-index: 9999;}<\/style><\/div><\/div><\/div><\/div><div class=\"tatsu-section-background-wrap\"><div class = \"tatsu-section-background\" ><\/div><\/div><style>.tatsu-HkEAgg8ZnZe .tatsu-section-pad{padding: 69px 0px 60px 0px;}.tatsu-HkEAgg8ZnZe > .tatsu-bottom-divider{z-index: 9999;}.tatsu-HkEAgg8ZnZe > .tatsu-top-divider{z-index: 9999;}@media only screen and (min-width:768px) and (max-width: 1024px) {.tatsu-HkEAgg8ZnZe .tatsu-section-pad{padding: 64px 0px 60px 0px;}}@media only screen and (max-width: 767px) {.tatsu-HkEAgg8ZnZe .tatsu-section-pad{padding: 60px 0px 60px 0px;}}<\/style><\/div><div  class=\"tatsu-r1uCxlUbh-x tatsu-section    tatsu-clearfix\" data-title=\"\"  data-headerscheme=\"background--dark\"><div class='tatsu-section-pad clearfix' data-padding='{\"d\":\"60px 0px 60px 0px\",\"m\":\"46px 0px 50px 0px\"}' data-padding-top='46px'><div class=\"tatsu-row-wrap  tatsu-wrap tatsu-row-one-col tatsu-row-has-one-cols tatsu-medium-gutter tatsu-reg-cols  tatsu-clearfix tatsu-HkKRxlLbhbl\" ><div  class=\"tatsu-row \" ><div  class=\"tatsu-column  tatsu-column-no-bg tatsu-one-col tatsu-column-image-none tatsu-column-effect-none  tatsu-Hk9AegUbnWl\"  data-parallax-speed=\"0\" style=\"\"><div class=\"tatsu-column-inner \" ><div class=\"tatsu-column-pad-wrap\"><div class=\"tatsu-column-pad\" ><div  class=\"tatsu-module tatsu-text-block-wrap tatsu-rJiRelLW3-x  \"><div class=\"tatsu-text-inner tatsu-align-center  clearfix\" ><style>.tatsu-rJiRelLW3-x.tatsu-text-block-wrap .tatsu-text-inner{width: 100%;text-align: left;}<\/style>\n<h3 style=\"text-align: center;\">Performance. Pr\u00e4zision. Perspektive.<\/h3>\n<\/div><\/div><div  class=\"tatsu-module tatsu-inline-text clearfix tatsu-HyhCelI-3bx   \" ><style>.tatsu-HyhCelI-3bx .tatsu-inline-text-inner{width: 67%;text-align: center;}.tatsu-HyhCelI-3bx.tatsu-inline-text .tatsu-inline-text-inner *{font-size : 24px;line-height : 34px;}@media only screen and (max-width: 767px) {.tatsu-HyhCelI-3bx .tatsu-inline-text-inner{width: 100%;}.tatsu-HyhCelI-3bx.tatsu-inline-text{margin: 0px -15px 30px -15px;}.tatsu-HyhCelI-3bx.tatsu-inline-text .tatsu-inline-text-inner *{text-transform : none;font-size : 23px;line-height : 35px;}}<\/style><div class=\"tatsu-inline-text-inner tatsu-align-center\">\n<h3 style=\"text-align: center;\">Analoge oder fr\u00fche moderne Performance-Fahrzeuge mit hoher Fahrrelevanz, klarer Designidentit\u00e4t und sammlerischer Anschlussf\u00e4higkeit. Modern Icons richten sich an K\u00e4ufer, die Qualit\u00e4t, Timing, technische Glaubw\u00fcrdigkeit und langfristige Begehrlichkeit verstehen.<\/h3>\n<\/div><\/div><\/div><\/div><div class = \"tatsu-column-bg-image-wrap\"><div class = \"tatsu-column-bg-image\" ><\/div><\/div><\/div><style>.tatsu-row > .tatsu-Hk9AegUbnWl.tatsu-column{width: 100%;}.tatsu-Hk9AegUbnWl.tatsu-column > .tatsu-column-inner > .tatsu-column-overlay{mix-blend-mode: none;}.tatsu-Hk9AegUbnWl > .tatsu-column-inner > .tatsu-top-divider{z-index: 9999;}.tatsu-Hk9AegUbnWl > .tatsu-column-inner > .tatsu-bottom-divider{z-index: 9999;}.tatsu-Hk9AegUbnWl > .tatsu-column-inner > .tatsu-left-divider{z-index: 9999;}.tatsu-Hk9AegUbnWl > .tatsu-column-inner > .tatsu-right-divider{z-index: 9999;}<\/style><\/div><\/div><\/div><\/div><div class=\"tatsu-section-background-wrap\"><div class = \"tatsu-section-background\" ><\/div><\/div><style>.tatsu-r1uCxlUbh-x .tatsu-section-pad{padding: 60px 0px 60px 0px;}.tatsu-r1uCxlUbh-x > .tatsu-bottom-divider{z-index: 9999;}.tatsu-r1uCxlUbh-x > .tatsu-top-divider{z-index: 9999;}@media only screen and (max-width: 767px) {.tatsu-r1uCxlUbh-x .tatsu-section-pad{padding: 46px 0px 50px 0px;}}<\/style><\/div>\n","protected":false},"excerpt":{"rendered":"<p><a href=\"https:\/\/classic-icons.com\/de\/portfolio\/ferrari-f430-spider\/\" class=\"more-link style3-button\">Weiterlesen<\/a><\/p>","protected":false},"author":1,"featured_media":0,"parent":3500,"menu_order":0,"comment_status":"closed","ping_status":"closed","template":"","meta":{"footnotes":""},"class_list":["post-4296","page","type-page","status-publish","hentry"],"yoast_head":"<!-- This site is optimized with the Yoast SEO plugin v27.4 - https:\/\/yoast.com\/product\/yoast-seo-wordpress\/ -->\n<title>Modern Icons - Classic Icons<\/title>\n<meta name=\"description\" content=\"Analoge oder fr\u00fche moderne Performance-Fahrzeuge mit hoher Fahrrelevanz, klarer Designidentit\u00e4t und sammlerischer Anschlussf\u00e4higkeit. Modern Icons richten sich an K\u00e4ufer, die Qualit\u00e4t, Timing, technische Glaubw\u00fcrdigkeit und langfristige Begehrlichkeit verstehen.\" \/>\n<meta name=\"robots\" content=\"index, follow, max-snippet:-1, max-image-preview:large, max-video-preview:-1\" \/>\n<link rel=\"canonical\" href=\"https:\/\/classic-icons.com\/de\/verkaufsfahrzeuge\/modern-icons\/\" \/>\n<meta property=\"og:locale\" content=\"de_DE\" \/>\n<meta property=\"og:type\" content=\"article\" \/>\n<meta property=\"og:title\" content=\"Modern Icons - Classic Icons\" \/>\n<meta property=\"og:description\" content=\"Analoge oder fr\u00fche moderne Performance-Fahrzeuge mit hoher Fahrrelevanz, klarer Designidentit\u00e4t und sammlerischer Anschlussf\u00e4higkeit. Modern Icons richten sich an K\u00e4ufer, die Qualit\u00e4t, Timing, technische Glaubw\u00fcrdigkeit und langfristige Begehrlichkeit verstehen.\" \/>\n<meta property=\"og:url\" content=\"https:\/\/classic-icons.com\/de\/verkaufsfahrzeuge\/modern-icons\/\" \/>\n<meta property=\"og:site_name\" content=\"Classic Icons\" \/>\n<meta property=\"article:publisher\" content=\"https:\/\/www.facebook.com\/profile.php?id=61569623577398\" \/>\n<meta property=\"article:modified_time\" content=\"2026-04-07T08:37:22+00:00\" \/>\n<meta name=\"twitter:card\" content=\"summary_large_image\" \/>\n<meta name=\"twitter:label1\" content=\"Gesch\u00e4tzte Lesezeit\" \/>\n\t<meta name=\"twitter:data1\" content=\"7\u00a0Minuten\" \/>\n<script type=\"application\/ld+json\" class=\"yoast-schema-graph\">{\"@context\":\"https:\\\/\\\/schema.org\",\"@graph\":[{\"@type\":\"WebPage\",\"@id\":\"https:\\\/\\\/classic-icons.com\\\/de\\\/verkaufsfahrzeuge\\\/modern-icons\\\/\",\"url\":\"https:\\\/\\\/classic-icons.com\\\/de\\\/verkaufsfahrzeuge\\\/modern-icons\\\/\",\"name\":\"Modern Icons - Classic Icons\",\"isPartOf\":{\"@id\":\"https:\\\/\\\/classic-icons.com\\\/#website\"},\"datePublished\":\"2026-04-06T15:22:53+00:00\",\"dateModified\":\"2026-04-07T08:37:22+00:00\",\"description\":\"Analoge oder fr\u00fche moderne Performance-Fahrzeuge mit hoher Fahrrelevanz, klarer Designidentit\u00e4t und sammlerischer Anschlussf\u00e4higkeit. Modern Icons richten sich an K\u00e4ufer, die Qualit\u00e4t, Timing, technische Glaubw\u00fcrdigkeit und langfristige Begehrlichkeit verstehen.\",\"breadcrumb\":{\"@id\":\"https:\\\/\\\/classic-icons.com\\\/de\\\/verkaufsfahrzeuge\\\/modern-icons\\\/#breadcrumb\"},\"inLanguage\":\"de\",\"potentialAction\":[{\"@type\":\"ReadAction\",\"target\":[\"https:\\\/\\\/classic-icons.com\\\/de\\\/verkaufsfahrzeuge\\\/modern-icons\\\/\"]}]},{\"@type\":\"BreadcrumbList\",\"@id\":\"https:\\\/\\\/classic-icons.com\\\/de\\\/verkaufsfahrzeuge\\\/modern-icons\\\/#breadcrumb\",\"itemListElement\":[{\"@type\":\"ListItem\",\"position\":1,\"name\":\"Startseite\",\"item\":\"https:\\\/\\\/classic-icons.com\\\/de\\\/\"},{\"@type\":\"ListItem\",\"position\":2,\"name\":\"Verkaufsfahrzeuge\",\"item\":\"https:\\\/\\\/classic-icons.com\\\/de\\\/verkaufsfahrzeuge\\\/\"},{\"@type\":\"ListItem\",\"position\":3,\"name\":\"Modern Icons\"}]},{\"@type\":\"WebSite\",\"@id\":\"https:\\\/\\\/classic-icons.com\\\/#website\",\"url\":\"https:\\\/\\\/classic-icons.com\\\/\",\"name\":\"Classic Icons\",\"description\":\"Oldtimer kaufen - Finden Sie Ihren Traumwagen\",\"publisher\":{\"@id\":\"https:\\\/\\\/classic-icons.com\\\/#organization\"},\"potentialAction\":[{\"@type\":\"SearchAction\",\"target\":{\"@type\":\"EntryPoint\",\"urlTemplate\":\"https:\\\/\\\/classic-icons.com\\\/?s={search_term_string}\"},\"query-input\":{\"@type\":\"PropertyValueSpecification\",\"valueRequired\":true,\"valueName\":\"search_term_string\"}}],\"inLanguage\":\"de\"},{\"@type\":\"Organization\",\"@id\":\"https:\\\/\\\/classic-icons.com\\\/#organization\",\"name\":\"Classic Icons GmbH\",\"url\":\"https:\\\/\\\/classic-icons.com\\\/\",\"logo\":{\"@type\":\"ImageObject\",\"inLanguage\":\"de\",\"@id\":\"https:\\\/\\\/classic-icons.com\\\/#\\\/schema\\\/logo\\\/image\\\/\",\"url\":\"https:\\\/\\\/classic-icons.com\\\/wp-content\\\/uploads\\\/2024\\\/12\\\/cropped-Bildschirmfoto-2024-12-17-um-23.24.42.png\",\"contentUrl\":\"https:\\\/\\\/classic-icons.com\\\/wp-content\\\/uploads\\\/2024\\\/12\\\/cropped-Bildschirmfoto-2024-12-17-um-23.24.42.png\",\"width\":512,\"height\":512,\"caption\":\"Classic Icons GmbH\"},\"image\":{\"@id\":\"https:\\\/\\\/classic-icons.com\\\/#\\\/schema\\\/logo\\\/image\\\/\"},\"sameAs\":[\"https:\\\/\\\/www.facebook.com\\\/profile.php?id=61569623577398\",\"https:\\\/\\\/www.instagram.com\\\/classicicons_salzburg\\\/\",\"https:\\\/\\\/de.pinterest.com\\\/005hwp3jl82qm1oy5x7ssnmaojr89w\\\/\"]}]}<\/script>\n<!-- \/ Yoast SEO plugin. -->","yoast_head_json":{"title":"Modern Icons - Classic Icons","description":"Analoge oder fr\u00fche moderne Performance-Fahrzeuge mit hoher Fahrrelevanz, klarer Designidentit\u00e4t und sammlerischer Anschlussf\u00e4higkeit. Modern Icons richten sich an K\u00e4ufer, die Qualit\u00e4t, Timing, technische Glaubw\u00fcrdigkeit und langfristige Begehrlichkeit verstehen.","robots":{"index":"index","follow":"follow","max-snippet":"max-snippet:-1","max-image-preview":"max-image-preview:large","max-video-preview":"max-video-preview:-1"},"canonical":"https:\/\/classic-icons.com\/de\/verkaufsfahrzeuge\/modern-icons\/","og_locale":"de_DE","og_type":"article","og_title":"Modern Icons - Classic Icons","og_description":"Analoge oder fr\u00fche moderne Performance-Fahrzeuge mit hoher Fahrrelevanz, klarer Designidentit\u00e4t und sammlerischer Anschlussf\u00e4higkeit. Modern Icons richten sich an K\u00e4ufer, die Qualit\u00e4t, Timing, technische Glaubw\u00fcrdigkeit und langfristige Begehrlichkeit verstehen.","og_url":"https:\/\/classic-icons.com\/de\/verkaufsfahrzeuge\/modern-icons\/","og_site_name":"Classic Icons","article_publisher":"https:\/\/www.facebook.com\/profile.php?id=61569623577398","article_modified_time":"2026-04-07T08:37:22+00:00","twitter_card":"summary_large_image","twitter_misc":{"Gesch\u00e4tzte Lesezeit":"7\u00a0Minuten"},"schema":{"@context":"https:\/\/schema.org","@graph":[{"@type":"WebPage","@id":"https:\/\/classic-icons.com\/de\/verkaufsfahrzeuge\/modern-icons\/","url":"https:\/\/classic-icons.com\/de\/verkaufsfahrzeuge\/modern-icons\/","name":"Modern Icons - Classic Icons","isPartOf":{"@id":"https:\/\/classic-icons.com\/#website"},"datePublished":"2026-04-06T15:22:53+00:00","dateModified":"2026-04-07T08:37:22+00:00","description":"Analoge oder fr\u00fche moderne Performance-Fahrzeuge mit hoher Fahrrelevanz, klarer Designidentit\u00e4t und sammlerischer Anschlussf\u00e4higkeit. Modern Icons richten sich an K\u00e4ufer, die Qualit\u00e4t, Timing, technische Glaubw\u00fcrdigkeit und langfristige Begehrlichkeit verstehen.","breadcrumb":{"@id":"https:\/\/classic-icons.com\/de\/verkaufsfahrzeuge\/modern-icons\/#breadcrumb"},"inLanguage":"de","potentialAction":[{"@type":"ReadAction","target":["https:\/\/classic-icons.com\/de\/verkaufsfahrzeuge\/modern-icons\/"]}]},{"@type":"BreadcrumbList","@id":"https:\/\/classic-icons.com\/de\/verkaufsfahrzeuge\/modern-icons\/#breadcrumb","itemListElement":[{"@type":"ListItem","position":1,"name":"Startseite","item":"https:\/\/classic-icons.com\/de\/"},{"@type":"ListItem","position":2,"name":"Verkaufsfahrzeuge","item":"https:\/\/classic-icons.com\/de\/verkaufsfahrzeuge\/"},{"@type":"ListItem","position":3,"name":"Modern Icons"}]},{"@type":"WebSite","@id":"https:\/\/classic-icons.com\/#website","url":"https:\/\/classic-icons.com\/","name":"Classic Icons","description":"Oldtimer kaufen - Finden Sie Ihren Traumwagen","publisher":{"@id":"https:\/\/classic-icons.com\/#organization"},"potentialAction":[{"@type":"SearchAction","target":{"@type":"EntryPoint","urlTemplate":"https:\/\/classic-icons.com\/?s={search_term_string}"},"query-input":{"@type":"PropertyValueSpecification","valueRequired":true,"valueName":"search_term_string"}}],"inLanguage":"de"},{"@type":"Organization","@id":"https:\/\/classic-icons.com\/#organization","name":"Classic Icons GmbH","url":"https:\/\/classic-icons.com\/","logo":{"@type":"ImageObject","inLanguage":"de","@id":"https:\/\/classic-icons.com\/#\/schema\/logo\/image\/","url":"https:\/\/classic-icons.com\/wp-content\/uploads\/2024\/12\/cropped-Bildschirmfoto-2024-12-17-um-23.24.42.png","contentUrl":"https:\/\/classic-icons.com\/wp-content\/uploads\/2024\/12\/cropped-Bildschirmfoto-2024-12-17-um-23.24.42.png","width":512,"height":512,"caption":"Classic Icons GmbH"},"image":{"@id":"https:\/\/classic-icons.com\/#\/schema\/logo\/image\/"},"sameAs":["https:\/\/www.facebook.com\/profile.php?id=61569623577398","https:\/\/www.instagram.com\/classicicons_salzburg\/","https:\/\/de.pinterest.com\/005hwp3jl82qm1oy5x7ssnmaojr89w\/"]}]}},"_links":{"self":[{"href":"https:\/\/classic-icons.com\/de\/wp-json\/wp\/v2\/pages\/4296","targetHints":{"allow":["GET"]}}],"collection":[{"href":"https:\/\/classic-icons.com\/de\/wp-json\/wp\/v2\/pages"}],"about":[{"href":"https:\/\/classic-icons.com\/de\/wp-json\/wp\/v2\/types\/page"}],"author":[{"embeddable":true,"href":"https:\/\/classic-icons.com\/de\/wp-json\/wp\/v2\/users\/1"}],"replies":[{"embeddable":true,"href":"https:\/\/classic-icons.com\/de\/wp-json\/wp\/v2\/comments?post=4296"}],"version-history":[{"count":5,"href":"https:\/\/classic-icons.com\/de\/wp-json\/wp\/v2\/pages\/4296\/revisions"}],"predecessor-version":[{"id":4344,"href":"https:\/\/classic-icons.com\/de\/wp-json\/wp\/v2\/pages\/4296\/revisions\/4344"}],"up":[{"embeddable":true,"href":"https:\/\/classic-icons.com\/de\/wp-json\/wp\/v2\/pages\/3500"}],"wp:attachment":[{"href":"https:\/\/classic-icons.com\/de\/wp-json\/wp\/v2\/media?parent=4296"}],"curies":[{"name":"wp","href":"https:\/\/api.w.org\/{rel}","templated":true}]}}